{"id":530,"date":"2023-12-18T18:27:02","date_gmt":"2023-12-18T17:27:02","guid":{"rendered":"https:\/\/www.voidsy.com\/?page_id=530"},"modified":"2025-07-04T13:52:21","modified_gmt":"2025-07-04T11:52:21","slug":"imprint","status":"publish","type":"page","link":"https:\/\/www.voidsy.com\/en\/impressum\/","title":{"rendered":"Imprint"},"content":{"rendered":"<section class=\"bde-section-530-100 bde-section\">\n              \n  \n  \n\t\n\n  <div class=\"section-background-overlay\"><\/div>\n\n\n<div class=\"section-container\"><h1 class=\"bde-heading-530-101 bde-heading\">\nImprint\n<\/h1><\/div>\n<\/section><section class=\"bde-section-530-102 bde-section\">\n  \n  \n\t\n\n\n\n<div class=\"section-container\"><div class=\"bde-rich-text-530-103 bde-rich-text breakdance-rich-text-styles\">\n<p>Information in accordance with the duty to inform pursuant to \u00a75 of the E-Commerce Act, \u00a714 of the Austrian Commercial Code, \u00a763 of the Industrial Code and the duty to disclose pursuant to \u00a725 of the Media Act. <strong>voidsy gmbh Magazinstra\u00dfe 18 4600 Wels Austria<\/strong><\/p><p>\u00a0<\/p>\n<\/div><div class=\"bde-columns-530-104 bde-columns\"><div class=\"bde-column-530-105 bde-column\">\n  \n  \n\t\n\n\n\n<div class=\"bde-rich-text-530-107 bde-rich-text breakdance-rich-text-styles\">\n<p><strong>Business description:<\/strong><br>Development and sales of mechatronic measurement systems and associated services<\/p><p><strong>VAT identification number:<\/strong> ATU78461237<br><strong>EORI-Number:<\/strong> ATEOS1000127750<br><strong>GLN:<\/strong> 9110032471363<br><strong>GISA-Number:<\/strong> 35199748<br><strong>Company registration:<\/strong> 587365 y<br><strong>Court of registry:<\/strong> Landesgericht Wels<br><strong>Company headquarters:<\/strong> 4600 Wels<\/p><p><strong>Tel.:<\/strong> +43 7242 909900<br><strong>E-Mail:<\/strong> <a href=\"mailto:office@voidsy.com\">office@voidsy.com<\/a><\/p><p><strong>Trade license:<\/strong><br>Mechatroniker f\u00fcr Elektronik, B\u00fcro- und EDV-Systemtechnik (verbundenes Handwerk)<\/p>\n<\/div>\n<\/div><div class=\"bde-column-530-106 bde-column\">\n  \n  \n\t\n\n\n\n<div class=\"bde-rich-text-530-108 bde-rich-text breakdance-rich-text-styles\">\n<p><strong>Supervisory authority\/commercial authority:<\/strong><br>Magistrat der Stadt Wels<\/p><p><strong>Member of:<\/strong><br>WKO \u2013 Landesinnung O\u00d6 der Mechatroniker<\/p><p><strong>Industrial code:<\/strong> www.ris.bka.gv.at<\/p><p><strong>Managing Director:<\/strong> Dr. techn. Holger Plasser, MSc<\/p><p><strong>Shareholder structure:<\/strong><\/p><ul><li><p>Dr. techn. Holger Plasser, MSc 25%<\/p><\/li><li><p>Dipl.-Ing. (FH) Dr. techn. G\u00fcnther Mayr 25%<\/p><\/li><li><p>Dipl.-Ing. Dr. techn. Gregor Thummmerer 25%<\/p><\/li><li><p>Dipl.-Ing. Gernot Mayr 25%<\/p><\/li><\/ul><p>Contact details of Grievance \/ Data Protection Officer<br><a href=\"https:\/\/www.voidsy.com\/en\/privacy\/\">Data privacy policy<\/a>.<\/p>\n<\/div>\n<\/div><\/div><div class=\"bde-rich-text-530-109 bde-rich-text breakdance-rich-text-styles\">\n<p>All contents published on this website (images, photos, texts and downloads) are protected by copyright. Any duplication or use in other electronic or printed publications is not permitted without the author's express consent. The image rights and copyrights are held by the following photographers, video production companies and companies: <strong>voidsy gmbh, B. Plank \u2013 imBILDE.at<\/strong><\/p>\n<\/div><\/div>\n<\/section>","protected":false},"excerpt":{"rendered":"<p>Impressum Angaben gem\u00e4\u00df Informationspflicht laut \u00a75 E-Commerce Gesetz, \u00a714 Unternehmensgesetzbuch, \u00a763 Gewerbeordnung und Offenlegungspflicht laut \u00a725 Mediengesetz. voidsy gmbh Magazinstra\u00dfe 18 4600 Wels Austria\u00a0 Unternehmensgegenstand:Entwicklung und Verkauf von mechatronischen Messsystemen und zugeh\u00f6rigen DienstleistungenUID-Nummer: ATU78461237EORI-Nummer: ATEOS1000127750GLN: 9110032471363GISA-Zahl: 35199748Firmenbuchnummer: 587365 yFirmenbuchgericht: Landesgericht WelsFirmensitz: 4600 WelsTel.: +43 7242 909900E-Mail: office@voidsy.comGewerbewortlaut:Mechatroniker f\u00fcr Elektronik, B\u00fcro- und EDV-Systemtechnik (verbundenes Handwerk) Aufsichtsbeh\u00f6rde\/Gewerbebeh\u00f6rde:Magistrat [&hellip;]<\/p>\n","protected":false},"author":2,"featured_media":0,"parent":0,"menu_order":0,"comment_status":"closed","ping_status":"closed","template":"","meta":{"_acf_changed":false,"_seopress_robots_primary_cat":"","_seopress_titles_title":"Impressum | voidsy","_seopress_titles_desc":"voidsy ist ein Deep-tech Startup aus \u00d6sterreich welches mit dem 3D V-Rox ein System zur zerst\u00f6rungsfreien Pr\u00fcfung von Bauteilen anbietet.","_seopress_robots_index":"","_breakdance_hide_in_design_set":false,"_breakdance_tags":"","footnotes":""},"class_list":["post-530","page","type-page","status-publish"],"acf":[],"_links":{"self":[{"href":"https:\/\/www.voidsy.com\/en\/wp-json\/wp\/v2\/pages\/530","targetHints":{"allow":["GET"]}}],"collection":[{"href":"https:\/\/www.voidsy.com\/en\/wp-json\/wp\/v2\/pages"}],"about":[{"href":"https:\/\/www.voidsy.com\/en\/wp-json\/wp\/v2\/types\/page"}],"author":[{"embeddable":true,"href":"https:\/\/www.voidsy.com\/en\/wp-json\/wp\/v2\/users\/2"}],"replies":[{"embeddable":true,"href":"https:\/\/www.voidsy.com\/en\/wp-json\/wp\/v2\/comments?post=530"}],"version-history":[{"count":11,"href":"https:\/\/www.voidsy.com\/en\/wp-json\/wp\/v2\/pages\/530\/revisions"}],"predecessor-version":[{"id":4385,"href":"https:\/\/www.voidsy.com\/en\/wp-json\/wp\/v2\/pages\/530\/revisions\/4385"}],"wp:attachment":[{"href":"https:\/\/www.voidsy.com\/en\/wp-json\/wp\/v2\/media?parent=530"}],"curies":[{"name":"wp","href":"https:\/\/api.w.org\/{rel}","templated":true}]}}